{"id":244,"date":"2026-02-23T09:32:45","date_gmt":"2026-02-23T08:32:45","guid":{"rendered":"https:\/\/formen-werkstatt.com\/?page_id=244"},"modified":"2026-02-23T09:32:45","modified_gmt":"2026-02-23T08:32:45","slug":"kontakt","status":"publish","type":"page","link":"https:\/\/formen-werkstatt.com\/index.php\/kontakt\/","title":{"rendered":"Kontakt"},"content":{"rendered":"<div class=\"wpb-content-wrapper\"><p>[vc_row][vc_column]<style id=\"wpforms-css-vars-232\">\n\t\t\t\t#wpforms-232 {\n\t\t\t\t--wpforms-field-size-input-height: 43px;\n--wpforms-field-size-input-spacing: 15px;\n--wpforms-field-size-font-size: 16px;\n--wpforms-field-size-line-height: 19px;\n--wpforms-field-size-padding-h: 14px;\n--wpforms-field-size-checkbox-size: 16px;\n--wpforms-field-size-sublabel-spacing: 5px;\n--wpforms-field-size-icon-size: 1;\n--wpforms-label-size-font-size: 16px;\n--wpforms-label-size-line-height: 19px;\n--wpforms-label-size-sublabel-font-size: 14px;\n--wpforms-label-size-sublabel-line-height: 17px;\n--wpforms-button-size-font-size: 17px;\n--wpforms-button-size-height: 41px;\n--wpforms-button-size-padding-h: 15px;\n--wpforms-button-size-margin-top: 10px;\n--wpforms-container-shadow-size-box-shadow: none;\n\t\t\t}\n\t\t\t<\/style><div class=\"wpforms-container wpforms-container-full wpforms-render-modern\" id=\"wpforms-232\"><form id=\"wpforms-form-232\" class=\"wpforms-validate wpforms-form wpforms-ajax-form\" data-formid=\"232\" method=\"post\" enctype=\"multipart\/form-data\" action=\"\/index.php\/wp-json\/wp\/v2\/pages\/244\" data-token=\"a0f788a7773d653c371927392c226e88\" data-token-time=\"1776447341\"><noscript class=\"wpforms-error-noscript\">Bitte aktiviere JavaScript in deinem Browser, um dieses Formular fertigzustellen.<\/noscript><div id=\"wpforms-error-noscript\" style=\"display: none;\">Bitte aktiviere JavaScript in deinem Browser, um dieses Formular fertigzustellen.<\/div><div class=\"wpforms-field-container\">\t\t<div id=\"wpforms-232-field_6-container\"\n\t\t\tclass=\"wpforms-field wpforms-field-text\"\n\t\t\tdata-field-type=\"text\"\n\t\t\tdata-field-id=\"6\"\n\t\t\t>\n\t\t\t<label class=\"wpforms-field-label\" for=\"wpforms-232-field_6\" >Phone Name Email<\/label>\n\t\t\t<input type=\"text\" id=\"wpforms-232-field_6\" class=\"wpforms-field-medium\" name=\"wpforms[fields][6]\" >\n\t\t<\/div>\n\t\t<div id=\"wpforms-232-field_9-container\" class=\"wpforms-field wpforms-field-content\" data-field-id=\"9\"><div id=\"wpforms-232-field_9\" class=\"wpforms-field-medium wpforms-field-row\" aria-errormessage=\"wpforms-232-field_9-error\"><p><img loading=\"lazy\" decoding=\"async\" class=\"size-medium wp-image-240 aligncenter\" src=\"https:\/\/formen-werkstatt.com\/wp-content\/uploads\/2026\/02\/contact_form_image-768x456.jpeg\" alt=\"\" width=\"768\" height=\"456\" srcset=\"https:\/\/formen-werkstatt.com\/wp-content\/uploads\/2026\/02\/contact_form_image-768x456.jpeg 768w, https:\/\/formen-werkstatt.com\/wp-content\/uploads\/2026\/02\/contact_form_image-1170x694.jpeg 1170w\" sizes=\"auto, (max-width: 768px) 100vw, 768px\" \/><\/p>\n<div class=\"wpforms-field-content-display-frontend-clear\"><\/div><\/div><\/div><div id=\"wpforms-232-field_1-container\" class=\"wpforms-field wpforms-field-html\" data-field-id=\"1\"><div id=\"wpforms-232-field_1\" aria-errormessage=\"wpforms-232-field_1-error\"><p style=\"margin-bottom: 20px;\">Haben Sie Fragen zu unseren \u00e4sthetischen Design-Objekten? M\u00f6chten Sie mehr \u00fcber die verwendeten Materialien oder unsere Gie\u00dftechniken erfahren? Oder interessiert Sie die Fertigung von technischen Teilen mittels 3D-Druck und Lasertechnik?<\/p>\r\n<p style=\"margin-bottom: 20px;\">Vielleicht haben Sie auch eine ganz individuelle Idee f\u00fcr ein formbasiertes Produkt, eine spezielle Anfertigung aus Holz, oder Sie suchen nach ma\u00dfgeschneiderten L\u00f6sungen, die unser Sortiment erg\u00e4nzen k\u00f6nnten. Wir lieben es, kreative Herausforderungen anzunehmen und Ihre Visionen Wirklichkeit werden zu lassen.<\/p>\r\n<p style=\"margin-bottom: 20px;\">Ganz gleich, ob es um ein konkretes Produkt, eine besondere Technik, eine Kooperation oder eine allgemeine Anfrage geht \u2013 nutzen Sie einfach unser Kontaktformular. Wir sind gespannt auf Ihre Nachricht und melden uns schnellstm\u00f6glich bei Ihnen.<\/p><\/div><\/div><div id=\"wpforms-232-field_2-container\" class=\"wpforms-field wpforms-field-name\" data-field-id=\"2\"><fieldset><legend class=\"wpforms-field-label\">Name <span class=\"wpforms-required-label\" aria-hidden=\"true\">*<\/span><\/legend><div class=\"wpforms-field-row wpforms-field-medium\"><div class=\"wpforms-field-row-block wpforms-first wpforms-one-half\"><input type=\"text\" id=\"wpforms-232-field_2\" class=\"wpforms-field-name-first wpforms-field-required\" name=\"wpforms[fields][2][first]\" aria-errormessage=\"wpforms-232-field_2-error\" required><label for=\"wpforms-232-field_2\" class=\"wpforms-field-sublabel after\">Vorname<\/label><\/div><div class=\"wpforms-field-row-block wpforms-one-half\"><input type=\"text\" id=\"wpforms-232-field_2-last\" class=\"wpforms-field-name-last wpforms-field-required\" name=\"wpforms[fields][2][last]\" aria-errormessage=\"wpforms-232-field_2-last-error\" required><label for=\"wpforms-232-field_2-last\" class=\"wpforms-field-sublabel after\">Nachname<\/label><\/div><\/div><\/fieldset><\/div><div id=\"wpforms-232-field_3-container\" class=\"wpforms-field wpforms-field-email\" data-field-id=\"3\"><fieldset><legend class=\"wpforms-field-label\">Email <span class=\"wpforms-required-label\" aria-hidden=\"true\">*<\/span><\/legend><div class=\"wpforms-field-row wpforms-field-medium\"><div class=\"wpforms-field-row-block wpforms-one-half wpforms-first\"><input type=\"email\" id=\"wpforms-232-field_3\" class=\"wpforms-field-required wpforms-field-email-primary\" name=\"wpforms[fields][3][primary]\" spellcheck=\"false\" aria-errormessage=\"wpforms-232-field_3-error\" required><label for=\"wpforms-232-field_3\" class=\"wpforms-field-sublabel after\">E-Mail-Adresse<\/label><\/div><div class=\"wpforms-field-row-block wpforms-one-half\"><input type=\"email\" id=\"wpforms-232-field_3-secondary\" class=\"wpforms-field-email-secondary wpforms-field-required\" data-rule-confirm=\"#wpforms-232-field_3\" name=\"wpforms[fields][3][secondary]\" spellcheck=\"false\" aria-errormessage=\"wpforms-232-field_3-secondary-error\" required><label for=\"wpforms-232-field_3-secondary\" class=\"wpforms-field-sublabel after\">E-Mail best\u00e4tigen<\/label><\/div><\/div><\/fieldset><\/div><div id=\"wpforms-232-field_4-container\" class=\"wpforms-field wpforms-field-phone\" data-field-id=\"4\"><label class=\"wpforms-field-label\" for=\"wpforms-232-field_4\">Phone<\/label><input type=\"tel\" id=\"wpforms-232-field_4\" class=\"wpforms-field-medium wpforms-smart-phone-field\" data-rule-smart-phone-field=\"true\" name=\"wpforms[fields][4]\" aria-label=\"Phone\" aria-errormessage=\"wpforms-232-field_4-error\" aria-describedby=\"wpforms-232-field_4-description\" ><div id=\"wpforms-232-field_4-description\" class=\"wpforms-field-description\">Telefon (optional)<\/div><\/div><div id=\"wpforms-232-field_5-container\" class=\"wpforms-field wpforms-field-textarea\" data-field-id=\"5\"><label class=\"wpforms-field-label\" for=\"wpforms-232-field_5\">Nachricht <span class=\"wpforms-required-label\" aria-hidden=\"true\">*<\/span><\/label><textarea id=\"wpforms-232-field_5\" class=\"wpforms-field-medium wpforms-field-required wpforms-limit-characters-enabled\" data-form-id=\"232\" data-field-id=\"5\" data-text-limit=\"600\" name=\"wpforms[fields][5]\" aria-errormessage=\"wpforms-232-field_5-error\" aria-describedby=\"wpforms-232-field_5-description\" maxlength=\"600\" required><\/textarea><div id=\"wpforms-232-field_5-description\" class=\"wpforms-field-description\">Ihre Nachricht<\/div><\/div><script>\n\t\t\t\t( function() {\n\t\t\t\t\tconst style = document.createElement( 'style' );\n\t\t\t\t\tstyle.appendChild( document.createTextNode( '#wpforms-232-field_6-container { position: absolute !important; overflow: hidden !important; display: inline !important; height: 1px !important; width: 1px !important; z-index: -1000 !important; padding: 0 !important; } #wpforms-232-field_6-container input { visibility: hidden; } #wpforms-conversational-form-page #wpforms-232-field_6-container label { counter-increment: none; }' ) );\n\t\t\t\t\tdocument.head.appendChild( style );\n\t\t\t\t\tdocument.currentScript?.remove();\n\t\t\t\t} )();\n\t\t\t<\/script><\/div><!-- .wpforms-field-container --><div class=\"wpforms-recaptcha-container wpforms-is-recaptcha wpforms-is-recaptcha-type-v3\" ><input type=\"hidden\" name=\"wpforms[recaptcha]\" value=\"\"><\/div><div class=\"wpforms-submit-container\" ><input type=\"hidden\" name=\"wpforms[id]\" value=\"232\"><input type=\"hidden\" name=\"page_title\" value=\"\"><input type=\"hidden\" name=\"page_url\" value=\"https:\/\/formen-werkstatt.com\/index.php\/wp-json\/wp\/v2\/pages\/244\"><input type=\"hidden\" name=\"url_referer\" value=\"\"><button type=\"submit\" name=\"wpforms[submit]\" id=\"wpforms-submit-232\" class=\"wpforms-submit\" data-alt-text=\"Sende...\" data-submit-text=\"Absenden\" aria-live=\"assertive\" value=\"wpforms-submit\">Absenden<\/button><img loading=\"lazy\" decoding=\"async\" src=\"https:\/\/formen-werkstatt.com\/wp-content\/plugins\/wpforms\/assets\/images\/submit-spin.svg\" class=\"wpforms-submit-spinner\" style=\"display: none;\" width=\"26\" height=\"26\" alt=\"Wird geladen\"><\/div><\/form><\/div>  <!-- .wpforms-container -->[\/vc_column][\/vc_row]<\/p>\n<\/div>","protected":false},"excerpt":{"rendered":"<p>[vc_row][vc_column][\/vc_column][\/vc_row]<\/p>\n","protected":false},"author":1,"featured_media":0,"parent":0,"menu_order":0,"comment_status":"closed","ping_status":"closed","template":"","meta":{"footnotes":""},"class_list":["post-244","page","type-page","status-publish","hentry"],"_links":{"self":[{"href":"https:\/\/formen-werkstatt.com\/index.php\/wp-json\/wp\/v2\/pages\/244","targetHints":{"allow":["GET"]}}],"collection":[{"href":"https:\/\/formen-werkstatt.com\/index.php\/wp-json\/wp\/v2\/pages"}],"about":[{"href":"https:\/\/formen-werkstatt.com\/index.php\/wp-json\/wp\/v2\/types\/page"}],"author":[{"embeddable":true,"href":"https:\/\/formen-werkstatt.com\/index.php\/wp-json\/wp\/v2\/users\/1"}],"replies":[{"embeddable":true,"href":"https:\/\/formen-werkstatt.com\/index.php\/wp-json\/wp\/v2\/comments?post=244"}],"version-history":[{"count":3,"href":"https:\/\/formen-werkstatt.com\/index.php\/wp-json\/wp\/v2\/pages\/244\/revisions"}],"predecessor-version":[{"id":248,"href":"https:\/\/formen-werkstatt.com\/index.php\/wp-json\/wp\/v2\/pages\/244\/revisions\/248"}],"wp:attachment":[{"href":"https:\/\/formen-werkstatt.com\/index.php\/wp-json\/wp\/v2\/media?parent=244"}],"curies":[{"name":"wp","href":"https:\/\/api.w.org\/{rel}","templated":true}]}}