{"id":259,"date":"2026-02-23T15:20:29","date_gmt":"2026-02-23T14:20:29","guid":{"rendered":"https:\/\/formen-werkstatt.com\/?page_id=259"},"modified":"2026-02-23T15:26:26","modified_gmt":"2026-02-23T14:26:26","slug":"sicherheits-pflegehinweise-fuer-ihre-formenwerkstatt-kreationen","status":"publish","type":"page","link":"https:\/\/formen-werkstatt.com\/index.php\/sicherheits-pflegehinweise-fuer-ihre-formenwerkstatt-kreationen\/","title":{"rendered":"Sicherheits- &#038; Pflegehinweise f\u00fcr Ihre Formenwerkstatt-Kreationen"},"content":{"rendered":"<div class=\"wpb-content-wrapper\">[vc_row][vc_column][vc_column_text css=&#8220;&#8220;]<h2 style=\"text-align: center;\">Sicherheits- &amp; Pflegehinweise f\u00fcr Ihre Formenwerkstatt-Kreationen<\/h2>\nLiebe Kundin, lieber Kunde,\n\nbei der Formenwerkstatt \u2013 Studio f\u00fcr Design und Handwerk \u2013 widmen wir uns der Herstellung einzigartiger Objekte, die Ihr Zuhause versch\u00f6nern und bereichern. Damit Sie lange und sicher Freude an Ihren erworbenen St\u00fccken haben, bitten wir Sie, die folgenden wichtigen Hinweise aufmerksam zu lesen. Ihre Zufriedenheit und Sicherheit liegen uns am Herzen.\n\n\n<h4><\/h4>\n&nbsp;[\/vc_column_text][vc_single_image image=&#8220;266&#8243; img_size=&#8220;full&#8220; alignment=&#8220;center&#8220; style=&#8220;vc_box_shadow_3d&#8220; css=&#8220;&#8220;][vc_column_text css=&#8220;&#8220;]<h2 style=\"text-align: center;\">Sicherheitshinweise f\u00fcr Produkte mit Elektronik &amp; Beleuchtung<\/h2>[\/vc_column_text][\/vc_column][\/vc_row][vc_row][vc_column][vc_column_text css=&#8220;&#8220;]<strong>Nutzungshinweise:<\/strong>&nbsp;Unsere Produkte mit integrierter Beleuchtung sind ausschlie\u00dflich f\u00fcr den&nbsp;<strong>Innenbereich<\/strong>&nbsp;konzipiert. Bitte sch\u00fctzen Sie diese stets vor N\u00e4sse und direkter Sonneneinstrahlung oder anderen Hitzequellen. Dies gew\u00e4hrleistet nicht nur die Langlebigkeit der Elektronik, sondern auch die Unversehrtheit des Materials.\n\n<strong>Warnung:<\/strong>&nbsp;Bitte beachten Sie, dass Produkte mit Batterien und kleinen elektronischen Bauteilen nicht f\u00fcr Kinder unter 3 Jahren geeignet sind. Es besteht die Gefahr des Verschluckens von Kleinteilen oder Batterien.\n\n<strong>Defekte:<\/strong>&nbsp;Sollten die Lichterketten oder LEDs besch\u00e4digt sein oder nicht mehr einwandfrei funktionieren, stellen Sie die Nutzung des Produkts bitte umgehend ein, um jegliche Risiken auszuschlie\u00dfen.\n\n<strong>Entsorgung:<\/strong>&nbsp;Batterien und elektronische Bauteile d\u00fcrfen nicht im Hausm\u00fcll entsorgt werden. Bitte nutzen Sie hierf\u00fcr die vorgesehenen kommunalen Sammelstellen oder die R\u00fcckgabeboxen im Handel, um eine umweltgerechte Entsorgung sicherzustellen[\/vc_column_text][\/vc_column][\/vc_row][vc_row][vc_column][vc_column_text css=&#8220;&#8220;]<h2 style=\"text-align: center;\">Allgemeine Sicherheitshinweise (Dekorationsartikel)<\/h2>[\/vc_column_text][\/vc_column][\/vc_row][vc_row][vc_column][vc_column_text css=&#8220;&#8220;]<strong>ACHTUNG: Erstickungsgefahr!<\/strong>\n\nDieses Produkt ist ein reiner Dekorationsartikel und ausdr\u00fccklich&nbsp;<strong>kein Spielzeug<\/strong>. Es kann verschluckbare Kleinteile enthalten und ist daher nicht f\u00fcr Kinder unter 3 Jahren geeignet. Bitte bewahren Sie es stets au\u00dferhalb der Reichweite von Kleinkindern auf. Sollten sich Kleinteile l\u00f6sen oder defekt sein, entsorgen Sie diese bitte umgehend, um jegliches Risiko auszuschlie\u00dfen.[\/vc_column_text][\/vc_column][\/vc_row][vc_row][vc_column][vc_column_text css=&#8220;&#8220;]<h2 style=\"text-align: center;\">Pflegehinweise f\u00fcr Produkte mit Acrylglas &amp; Plexi<\/h2>[\/vc_column_text][\/vc_column][\/vc_row][vc_row][vc_column][vc_column_text css=&#8220;&#8220;]<strong>Pflege:<\/strong>&nbsp;Acrylglas und Plexiglas sind wundersch\u00f6ne, aber auch kratzempfindliche Materialien. Um die Oberfl\u00e4che makellos zu erhalten, reinigen Sie sie niemals mit rauen Schw\u00e4mmen, scheuernden T\u00fcchern oder aggressiven Reinigern (insbesondere kein Glasreiniger, da dieser das Material angreifen kann). Verwenden Sie stattdessen ein weiches Mikrofasertuch und klares Wasser, dem Sie einen Tropfen mildes Sp\u00fclmittel hinzuf\u00fcgen k\u00f6nnen. Wischen Sie sanft und vermeiden Sie starkes Reiben.\n\n<strong>Entsorgung:<\/strong>&nbsp;Acrylglas und Plexiglas k\u00f6nnen \u00fcber den Restm\u00fcll oder, je nach lokaler Vorschrift und Verf\u00fcgbarkeit, auch \u00fcber den Wertstoffhof entsorgt werden.[\/vc_column_text][\/vc_column][\/vc_row][vc_row][vc_column][vc_column_text css=&#8220;&#8220;]Wir danken Ihnen f\u00fcr Ihr Vertrauen in die Formenwerkstatt und w\u00fcnschen Ihnen viel Freude mit Ihren handgefertigten Unikaten! Bei Fragen stehen wir Ihnen jederzeit gerne zur Verf\u00fcgung.[\/vc_column_text][\/vc_column][\/vc_row]<\/div>","protected":false},"excerpt":{"rendered":"<p>[vc_row][vc_column][vc_column_text css=&#8220;&#8220;] Sicherheits- &amp; Pflegehinweise f\u00fcr Ihre Formenwerkstatt-Kreationen Liebe Kundin, lieber Kunde, bei der Formenwerkstatt \u2013 Studio f\u00fcr Design und Handwerk \u2013 widmen wir uns der Herstellung einzigartiger Objekte, die Ihr Zuhause versch\u00f6nern und bereichern. Damit Sie lange und sicher Freude an Ihren erworbenen St\u00fccken haben, bitten wir Sie, die folgenden wichtigen Hinweise aufmerksam zu [&hellip;]<\/p>\n","protected":false},"author":1,"featured_media":0,"parent":0,"menu_order":0,"comment_status":"closed","ping_status":"closed","template":"","meta":{"footnotes":""},"class_list":["post-259","page","type-page","status-publish","hentry"],"_links":{"self":[{"href":"https:\/\/formen-werkstatt.com\/index.php\/wp-json\/wp\/v2\/pages\/259","targetHints":{"allow":["GET"]}}],"collection":[{"href":"https:\/\/formen-werkstatt.com\/index.php\/wp-json\/wp\/v2\/pages"}],"about":[{"href":"https:\/\/formen-werkstatt.com\/index.php\/wp-json\/wp\/v2\/types\/page"}],"author":[{"embeddable":true,"href":"https:\/\/formen-werkstatt.com\/index.php\/wp-json\/wp\/v2\/users\/1"}],"replies":[{"embeddable":true,"href":"https:\/\/formen-werkstatt.com\/index.php\/wp-json\/wp\/v2\/comments?post=259"}],"version-history":[{"count":10,"href":"https:\/\/formen-werkstatt.com\/index.php\/wp-json\/wp\/v2\/pages\/259\/revisions"}],"predecessor-version":[{"id":272,"href":"https:\/\/formen-werkstatt.com\/index.php\/wp-json\/wp\/v2\/pages\/259\/revisions\/272"}],"wp:attachment":[{"href":"https:\/\/formen-werkstatt.com\/index.php\/wp-json\/wp\/v2\/media?parent=259"}],"curies":[{"name":"wp","href":"https:\/\/api.w.org\/{rel}","templated":true}]}}