{"id":273,"date":"2026-02-23T15:34:34","date_gmt":"2026-02-23T14:34:34","guid":{"rendered":"https:\/\/formen-werkstatt.com\/?page_id=273"},"modified":"2026-02-23T15:46:44","modified_gmt":"2026-02-23T14:46:44","slug":"impressum","status":"publish","type":"page","link":"https:\/\/formen-werkstatt.com\/index.php\/impressum\/","title":{"rendered":"Impressum"},"content":{"rendered":"<div class=\"wpb-content-wrapper\"><p>[vc_row][vc_column][vc_column_text]<\/p>\n<h2>Impressum<\/h2>\n<p>[\/vc_column_text][\/vc_column][\/vc_row][vc_row][vc_column][vc_column_text css=&#8220;&#8220;]<strong>Angaben gem\u00e4\u00df \u00a7 5 TMG:<\/strong><\/p>\n<p>Formenwerkstatt &#8211; Studio f\u00fcr Design und Handwerk Kristina P\u00f6pke &amp; Jan P\u00f6pke<\/p>\n<p><strong>Postanschrift:<\/strong> Klosterh\u00f6rn 3, 27419 Sittensen, Deutschland<\/p>\n<p><strong>Kontakt:<\/strong> Telefon: +49 151 1135 9012 E-Mail: <a href=\"mailto:info@formen-werkstatt.com\">info@formen-werkstatt.com<\/a> Website: <a href=\"https:\/\/www.formen-werkstatt.com\">https:\/\/www.formen-werkstatt.com<\/a><\/p>\n<p><strong>Umsatzsteuer-Identifikationsnummer:<\/strong> nicht ben\u00f6tigt<\/p>\n<p><strong>Verantwortlich f\u00fcr den Inhalt nach \u00a7 55 Abs. 2 RStV:<\/strong> Kristina P\u00f6pke &amp; Jan P\u00f6pke, Klosterh\u00f6rn 3, 27419 Sittensen, Deutschland<\/p>\n<hr \/>\n<p><strong>Hinweis zur Online-Streitbeilegung gem\u00e4\u00df Art. 14 Abs. 1 ODR-VO und \u00a7 36 VSBG:<\/strong><\/p>\n<p>Die Europ\u00e4ische Kommission stellt eine Plattform zur Online-Streitbeilegung (OS) bereit, die Sie unter\u00a0<a href=\"https:\/\/ec.europa.eu\/consumers\/odr\/\">https:\/\/ec.europa.eu\/consumers\/odr\/<\/a>\u00a0finden.<\/p>\n<p>Zur Teilnahme an einem Streitbeilegungsverfahren vor einer Verbraucherschlichtungsstelle sind wir nicht verpflichtet und grunds\u00e4tzlich nicht bereit.<\/p>\n<hr \/>\n<p><strong>Haftungsausschluss:<\/strong><\/p>\n<p><strong>Haftung f\u00fcr Inhalte<\/strong>\u00a0Als Diensteanbieter sind wir gem\u00e4\u00df \u00a7 7 Abs.1 TMG f\u00fcr eigene Inhalte auf diesen Seiten nach den allgemeinen Gesetzen verantwortlich. Nach \u00a7\u00a7 8 bis 10 TMG sind wir als Diensteanbieter jedoch nicht verpflichtet, \u00fcbermittelte oder gespeicherte fremde Informationen zu \u00fcberwachen oder nach Umst\u00e4nden zu forschen, die auf eine rechtswidrige T\u00e4tigkeit hinweisen. Verpflichtungen zur Entfernung oder Sperrung der Nutzung von Informationen nach den allgemeinen Gesetzen bleiben hiervon unber\u00fchrt. Eine diesbez\u00fcgliche Haftung ist jedoch erst ab dem Zeitpunkt der Kenntnis einer konkreten Rechtsverletzung m\u00f6glich. Bei Bekanntwerden von entsprechenden Rechtsverletzungen werden wir diese Inhalte umgehend entfernen.<\/p>\n<p><strong>Haftung f\u00fcr Links<\/strong>\u00a0Unser Angebot enth\u00e4lt Links zu externen Webseiten Dritter, auf deren Inhalte wir keinen Einfluss haben. Deshalb k\u00f6nnen wir f\u00fcr diese fremden Inhalte auch keine Gew\u00e4hr \u00fcbernehmen. F\u00fcr die Inhalte der verlinkten Seiten ist stets der jeweilige Anbieter oder Betreiber der Seiten verantwortlich. Die verlinkten Seiten wurden zum Zeitpunkt der Verlinkung auf m\u00f6gliche Rechtsverst\u00f6\u00dfe \u00fcberpr\u00fcft. Rechtswidrige Inhalte waren zum Zeitpunkt der Verlinkung nicht erkennbar. Eine permanente inhaltliche Kontrolle der verlinkten Seiten ist jedoch ohne konkrete Anhaltspunkte einer Rechtsverletzung nicht zumutbar. Bei Bekanntwerden von Rechtsverletzungen werden wir derartige Links umgehend entfernen.<\/p>\n<p><strong>Urheberrecht<\/strong>\u00a0Die durch die Seitenbetreiber erstellten Inhalte und Werke auf diesen Seiten unterliegen dem deutschen Urheberrecht. Die Vervielf\u00e4ltigung, Bearbeitung, Verbreitung und jede Art der Verwertung au\u00dferhalb der Grenzen des Urheberrechtes bed\u00fcrfen der schriftlichen Zustimmung des jeweiligen Autors bzw. Erstellers. Downloads und Kopien dieser Seite sind nur f\u00fcr den privaten, nicht kommerziellen Gebrauch gestattet. Soweit die Inhalte auf dieser Seite nicht vom Betreiber erstellt wurden, werden die Urheberrechte Dritter beachtet. Insbesondere werden Inhalte Dritter als solche gekennzeichnet. Sollten Sie trotzdem auf eine Urheberrechtsverletzung aufmerksam werden, bitten wir um einen entsprechenden Hinweis. Bei Bekanntwerden von Rechtsverletzungen werden wir derartige Inhalte umgehend entfernen.<\/p>\n<hr \/>\n<p><strong>Wichtige Hinweise:<\/strong><\/p>\n<ul>\n<li><strong>Rechtsberatung:<\/strong>\u00a0Dies ist ein allgemeiner Vorschlag und ersetzt keine individuelle Rechtsberatung. F\u00fcr eine vollst\u00e4ndige rechtliche Absicherung sollten Sie die Texte von einem spezialisierten Rechtsanwalt pr\u00fcfen lassen, insbesondere im Hinblick auf Ihre spezifische Unternehmensform und T\u00e4tigkeit.<\/li>\n<li><strong>Datenschutz:<\/strong>\u00a0Vergessen Sie nicht, zus\u00e4tzlich eine umfassende Datenschutzerkl\u00e4rung zu erstellen, die gesondert auf Ihrer Webseite zug\u00e4nglich sein sollte und detailliert darlegt, wie Sie mit personenbezogenen Daten umgehen.<\/li>\n<li><strong>Umsatzsteuer-Identifikationsnummer:<\/strong>\u00a0Diese ben\u00f6tigen Sie, wenn Sie Leistungen oder Lieferungen innerhalb der EU erbringen. F\u00fcr Kleinunternehmer (im Sinne des \u00a7 19 UStG) ist sie in der Regel nicht erforderlich und sollte auch nicht angegeben werden, um keine falschen Erwartungen zu wecken.<\/li>\n<\/ul>\n<p>[\/vc_column_text][\/vc_column][\/vc_row]<\/p>\n<\/div>","protected":false},"excerpt":{"rendered":"<p>[vc_row][vc_column][vc_column_text] Impressum [\/vc_column_text][\/vc_column][\/vc_row][vc_row][vc_column][vc_column_text css=&#8220;&#8220;]Angaben gem\u00e4\u00df \u00a7 5 TMG: Formenwerkstatt &#8211; Studio f\u00fcr Design und Handwerk Kristina P\u00f6pke &amp; Jan P\u00f6pke Postanschrift: Klosterh\u00f6rn 3, 27419 Sittensen, Deutschland Kontakt: Telefon: +49 151 1135 9012 E-Mail: info@formen-werkstatt.com Website: https:\/\/www.formen-werkstatt.com Umsatzsteuer-Identifikationsnummer: nicht ben\u00f6tigt Verantwortlich f\u00fcr den Inhalt nach \u00a7 55 Abs. 2 RStV: Kristina P\u00f6pke &amp; Jan P\u00f6pke, Klosterh\u00f6rn [&hellip;]<\/p>\n","protected":false},"author":1,"featured_media":0,"parent":0,"menu_order":0,"comment_status":"closed","ping_status":"closed","template":"","meta":{"footnotes":""},"class_list":["post-273","page","type-page","status-publish","hentry"],"_links":{"self":[{"href":"https:\/\/formen-werkstatt.com\/index.php\/wp-json\/wp\/v2\/pages\/273","targetHints":{"allow":["GET"]}}],"collection":[{"href":"https:\/\/formen-werkstatt.com\/index.php\/wp-json\/wp\/v2\/pages"}],"about":[{"href":"https:\/\/formen-werkstatt.com\/index.php\/wp-json\/wp\/v2\/types\/page"}],"author":[{"embeddable":true,"href":"https:\/\/formen-werkstatt.com\/index.php\/wp-json\/wp\/v2\/users\/1"}],"replies":[{"embeddable":true,"href":"https:\/\/formen-werkstatt.com\/index.php\/wp-json\/wp\/v2\/comments?post=273"}],"version-history":[{"count":4,"href":"https:\/\/formen-werkstatt.com\/index.php\/wp-json\/wp\/v2\/pages\/273\/revisions"}],"predecessor-version":[{"id":279,"href":"https:\/\/formen-werkstatt.com\/index.php\/wp-json\/wp\/v2\/pages\/273\/revisions\/279"}],"wp:attachment":[{"href":"https:\/\/formen-werkstatt.com\/index.php\/wp-json\/wp\/v2\/media?parent=273"}],"curies":[{"name":"wp","href":"https:\/\/api.w.org\/{rel}","templated":true}]}}